{"id":14,"date":"2018-09-10T21:15:33","date_gmt":"2018-09-10T19:15:33","guid":{"rendered":"http:\/\/www.malagaelitesports.com\/?page_id=14"},"modified":"2024-07-07T20:14:38","modified_gmt":"2024-07-07T19:14:38","slug":"quienes-somos","status":"publish","type":"page","link":"https:\/\/malagaelitesports.com\/en\/quienes-somos\/","title":{"rendered":"About us"},"content":{"rendered":"<p><span style=\"font-weight: 400;\"><a href=\"https:\/\/malagaelitesports.com\/en\/\"><strong>M\u00e1laga Elite Sports <\/strong><\/a><strong>\u00a0es una\u00a0 Academia de tecnificaci\u00f3n de f\u00fatbol<\/strong> formed by\u00a0<\/span><span style=\"font-weight: 400;\">entrenadores profesionales del f\u00fatbol, de larga trayectoria en categor\u00edas como Juveniles y Senior, con titulaci\u00f3n oficial Nivel III &#8211; <\/span><span style=\"font-weight: 400;\">UEFA Pro de reconocimiento internacional.<\/span><\/p>\n<p><span style=\"font-weight: 400;\">Nos enfocamos en la formaci\u00f3n y optimizaci\u00f3n del rendimiento del<strong> jugador de f\u00fatbol<\/strong> en todas las categor\u00edas, desde los comienzos en edades tempranas, adaptaci\u00f3n a campo de 11, entrenamientos dirigidos y espec\u00edficos para aquellos que ya juegan en clubes federados y desean profundizar en sus habilidades futbol\u00edsticas.\u00a0<\/span><\/p>\n<p>Trabajamos con una metodolog\u00eda propia adaptada a cada etapa y necesidad.<\/p>\n<p><span style=\"font-weight: 400;\">Para jugadores con nivel competitivo ofrecemos <strong><a href=\"https:\/\/malagaelitesports.com\/en\/academia-de-tecnificacion-futbol-malaga\/\">sesiones de entrenamientos intensivos personalizados ya sea de manera individual o en grupos muy reducidos<\/a>, donde se trabaja de manera integral, t\u00e9cnica-t\u00e1ctica-f\u00edsica y psicol\u00f3gicamente <\/strong>en diversos espacios de trabajo (campo de f\u00fatbol, playa, c\u00e9sped).<\/span><\/p>\n<p><span style=\"font-weight: 400;\"> Se les consignar\u00e1 una ficha de seguimiento con los puntos a trabajar y remarcar, de acuerdo a un planning establecido. <\/span><span style=\"font-weight: 400;\">De manera opcional y excepcional para categor\u00edas Juveniles y Seniors, podr\u00e1n participar en partidos amistosos en clubes regionales. (sujeto a disponibilidad)<\/span><\/p>\n<p>En nuestra <a href=\"https:\/\/malagaelitesports.com\/en\/escuelita-de-futbol-en-torremolinos-malaga\/\"><strong>Escuelita de F\u00fatbol en Torremolinos<\/strong><\/a>\u00a0 en La Colina &#8211; Torremolinos (M\u00e1laga) los m\u00e1s peque\u00f1os\u00a0 tienen un lugar especial.\u00a0 Ni\u00f1os y ni\u00f1as a partir de los 5 a\u00f1os en adelante podr\u00e1n comenzar a dar sus primeros pasos con seguridad y confianza de la mano de nuestros entrenadores profesionales quienes les formar\u00e1n con ejercicios adaptado a sus edades y niveles de manera l\u00fadica, siempre bajo un entorno relajado, respetando sus tiempos.<\/p>\n<p>De igual modo, para los ni\u00f1os y ni\u00f1as que ya est\u00e1n compitiendo en clubes federados, tendr\u00e1n sus clases de entrenamiento m\u00e1s intensivo pero no menos entretenidos,\u00a0 siempre basado en sesiones de ejercicios focalizados en la mejora de su rendimiento para que puedan aplicarlo en sus clubes.<\/p>\n<p>Adem\u00e1s, nuestra <strong>Academia de Tecnificaci\u00f3n de F\u00fatbol<\/strong> organiza todos los a\u00f1os y \u00e9pocas de vacaciones, el <strong><a href=\"https:\/\/malagaelitesports.com\/en\/campus-tecnificacion-futbol-torremolinos\/\">Campus de Tecnificaci\u00f3n de F\u00fatbol<\/a> para ni\u00f1os y ni\u00f1as de todos los niveles, <\/strong>donde podr\u00e1n disfrutar de 5 horas diarias, con clases formativas de conceptos t\u00e9cnico-t\u00e1cticos, entrenamientos dirigidos, juegos diversos con bal\u00f3n, competiciones, Mini Olimp\u00edadas con entrega de trofeos, equipaci\u00f3n, medallas y diplomas, cerramos la jornada con juegos con agua para amenizar y refrescar los momentos de m\u00e1s calor.<\/p>\n<p>Nos encontramos en las instalaciones de<a href=\"https:\/\/www.lacolinapadel.es\/\" rel=\"nofollow noopener\" target=\"_blank\"> Club Tenis, Padel y F\u00fatbol La Colina<\/a>, un club privado ambiente familiar que dispone de amplias zonas verdes, pistas de Padel y Tenis para alquilar si quieres aprovechar mientras tu ni\u00f1o o ni\u00f1a est\u00e1 entrenando con nosotros.<\/p>\n<p>No menos importante, podr\u00e1s disfrutar de una cafeter\u00eda muy acogedora con servicio de Wifi, Vestuarios y Servicios. <a href=\"https:\/\/malagaelitesports.com\/wp-content\/uploads\/2024\/07\/cafeteria-la-colina-malaga-elite-sports-e1720372361208.jpeg\"><img fetchpriority=\"high\" decoding=\"async\" src=\"https:\/\/malagaelitesports.com\/wp-content\/uploads\/2024\/07\/cafeteria-la-colina-malaga-elite-sports-e1720372361208-222x300.jpeg\" alt=\"Cafeteria Club Tenis, Padel y F\u00fatbol La Colina - M\u00c1LAGA ELITE SPORTS\" width=\"222\" height=\"300\" class=\"aligncenter wp-image-1593 size-medium\" title=\"Cafeter\u00eda Club Tenis, Padel y F\u00fatbol LA COLINA - Torremolinos \" srcset=\"https:\/\/malagaelitesports.com\/wp-content\/uploads\/2024\/07\/cafeteria-la-colina-malaga-elite-sports-e1720372361208-222x300.jpeg 222w, https:\/\/malagaelitesports.com\/wp-content\/uploads\/2024\/07\/cafeteria-la-colina-malaga-elite-sports-e1720372361208-759x1024.jpeg 759w, https:\/\/malagaelitesports.com\/wp-content\/uploads\/2024\/07\/cafeteria-la-colina-malaga-elite-sports-e1720372361208-768x1037.jpeg 768w, https:\/\/malagaelitesports.com\/wp-content\/uploads\/2024\/07\/cafeteria-la-colina-malaga-elite-sports-e1720372361208-9x12.jpeg 9w, https:\/\/malagaelitesports.com\/wp-content\/uploads\/2024\/07\/cafeteria-la-colina-malaga-elite-sports-e1720372361208.jpeg 1126w\" sizes=\"(max-width: 222px) 100vw, 222px\" \/><\/a><\/p>\n<p><span style=\"font-weight: 400;\">All this in an environment of superb climate of our Costa del Sol, where you can enjoy the benefits of the sun almost all year long, landscapes of various contrasts and an exceptional quality of life that makes of <strong>Malaga, one of the most chosen areas of Spain for relaxation tourism, studies and sports.<\/strong><\/span><\/p>\n\n\n\n<div class=\"wp-block-buttons is-content-justification-center is-layout-flex wp-container-core-buttons-layout-1 wp-block-buttons-is-layout-flex\">\n<div class=\"wp-block-button is-style-fill\"><a class=\"wp-block-button__link wp-element-button\" href=\"https:\/\/wa.me\/34678575167\" target=\"_blank\" rel=\"noreferrer noopener nofollow\">CONT\u00c1CTANOS<\/a><\/div>\n<\/div>","protected":false},"excerpt":{"rendered":"<p>M\u00e1laga Elite Sports \u00a0es una\u00a0 Academia de tecnificaci\u00f3n de f\u00fatbol formada por\u00a0entrenadores profesionales del f\u00fatbol, de larga trayectoria en categor\u00edas como Juveniles y Senior, con titulaci\u00f3n oficial Nivel III &#8211; UEFA Pro de reconocimiento internacional. Nos enfocamos en la formaci\u00f3n y optimizaci\u00f3n del rendimiento del jugador de f\u00fatbol en todas [&hellip;]<\/p>","protected":false},"author":1,"featured_media":0,"parent":0,"menu_order":0,"comment_status":"closed","ping_status":"closed","template":"","meta":{"footnotes":""},"_links":{"self":[{"href":"https:\/\/malagaelitesports.com\/en\/wp-json\/wp\/v2\/pages\/14"}],"collection":[{"href":"https:\/\/malagaelitesports.com\/en\/wp-json\/wp\/v2\/pages"}],"about":[{"href":"https:\/\/malagaelitesports.com\/en\/wp-json\/wp\/v2\/types\/page"}],"author":[{"embeddable":true,"href":"https:\/\/malagaelitesports.com\/en\/wp-json\/wp\/v2\/users\/1"}],"replies":[{"embeddable":true,"href":"https:\/\/malagaelitesports.com\/en\/wp-json\/wp\/v2\/comments?post=14"}],"version-history":[{"count":0,"href":"https:\/\/malagaelitesports.com\/en\/wp-json\/wp\/v2\/pages\/14\/revisions"}],"wp:attachment":[{"href":"https:\/\/malagaelitesports.com\/en\/wp-json\/wp\/v2\/media?parent=14"}],"curies":[{"name":"wp","href":"https:\/\/api.w.org\/{rel}","templated":true}]}}