{"id":313,"date":"2018-10-03T22:14:50","date_gmt":"2018-10-03T20:14:50","guid":{"rendered":"http:\/\/www.malagaelitesports.com\/?page_id=313"},"modified":"2018-10-03T22:14:50","modified_gmt":"2018-10-03T20:14:50","slug":"politica-de-cookies","status":"publish","type":"page","link":"https:\/\/malagaelitesports.com\/en\/politica-de-cookies\/","title":{"rendered":"Cookie Policy"},"content":{"rendered":"<h2>POL\u00cdTICA DE COOKIES<\/h2>\n<h2><b>\u00bfQu\u00e9 son las cookies?<\/b><\/h2>\n<p><span>Cookie es un fichero que se descarga en su ordenador al acceder a determinadas p\u00e1ginas web. Las cookies permiten a una p\u00e1gina web, entre otras cosas, almacenar y recuperar informaci\u00f3n sobre los h\u00e1bitos de navegaci\u00f3n de un usuario o de su equipo y, dependiendo de la informaci\u00f3n que contengan y de la forma en que utilice su equipo, pueden utilizarse para reconocer al usuario.<\/span><\/p>\n<p><span>El navegador del usuario memoriza cookies en el disco duro solamente durante la sesi\u00f3n actual ocupando un espacio de memoria m\u00ednimo y no perjudicando al ordenador. Las cookies no contienen ninguna clase de informaci\u00f3n personal espec\u00edfica, y la mayor\u00eda de las mismas se borran del disco duro al finalizar la sesi\u00f3n de navegador (las denominadas cookies de sesi\u00f3n).<\/span><\/p>\n<p><span>La mayor\u00eda de los navegadores aceptan como est\u00e1ndar a las cookies y, con independencia de las mismas, permiten o impiden en los ajustes de seguridad las cookies temporales o memorizadas.<\/span><\/p>\n<p><span>Sin su expreso consentimiento \u2013mediante la activaci\u00f3n de las cookies en su navegador\u2013 no enlazar\u00e1 en las cookies los datos memorizados con sus datos personales proporcionados en el momento del registro o la compra..<\/span><\/p>\n<h2><b>\u00bfQu\u00e9 tipos de cookies suele utilizar esta p\u00e1gina web?<\/b><\/h2>\n<p><span>\u2013 Cookies t\u00e9cnicas: Son aqu\u00e9llas que permiten al usuario la navegaci\u00f3n a trav\u00e9s de una p\u00e1gina web, plataforma o aplicaci\u00f3n y la utilizaci\u00f3n de las diferentes opciones o servicios que en ella existan como, por ejemplo, controlar el tr\u00e1fico y la comunicaci\u00f3n de datos, identificar la sesi\u00f3n, acceder a partes de acceso restringido, recordar los elementos que integran un pedido, realizar el proceso de compra de un pedido, realizar la solicitud de inscripci\u00f3n o participaci\u00f3n en un evento, utilizar elementos de seguridad durante la navegaci\u00f3n, almacenar contenidos para la difusi\u00f3n de videos o sonido o compartir contenidos a trav\u00e9s de redes sociales.<\/span><\/p>\n<p><span>\u2013 Cookies de personalizaci\u00f3n: Son aqu\u00e9llas que permiten al usuario acceder al servicio con algunas caracter\u00edsticas de car\u00e1cter general predefinidas en funci\u00f3n de una serie de criterios en el terminal del usuario como por ejemplo serian el idioma, el tipo de navegador a trav\u00e9s del cual accede al servicio, la configuraci\u00f3n regional desde donde accede al servicio, etc.<\/span><\/p>\n<p><span>\u2013 Cookies de an\u00e1lisis: Son aqu\u00e9llas que bien tratadas por nosotros o por terceros, nos permiten cuantificar el n\u00famero de usuarios y as\u00ed realizar la medici\u00f3n y an\u00e1lisis estad\u00edstico de la utilizaci\u00f3n que hacen los usuarios del servicio ofertado. Para ello se analiza su navegaci\u00f3n en nuestra p\u00e1gina web con el fin de mejorar la oferta de productos o servicios que le ofrecemos.<\/span><\/p>\n<p><span>\u2013 Cookies publicitarias: Son aqu\u00e9llas que, bien tratadas por nosotros o por terceros, nos permiten gestionar de la forma m\u00e1s eficaz posible la oferta de los espacios publicitarios que pueda alojar en la p\u00e1gina web, adecuando el contenido del anuncio al contenido del servicio solicitado o al uso que realice de nuestra p\u00e1gina web. Para ello podemos analizar sus h\u00e1bitos de navegaci\u00f3n en Internet y podemos mostrarle publicidad relacionada con su perfil de navegaci\u00f3n.<\/span><\/p>\n<p><strong>&#8211; <\/strong>Cookies de publicidad comportamental<span>: Son aquellas que permiten la gesti\u00f3n, de la forma m\u00e1s eficaz posible, de los espacios publicitarios que, en su caso, el editor haya incluido en una p\u00e1gina web, aplicaci\u00f3n o plataforma desde la que presta el servicio solicitado. Este tipo de cookies almacenan informaci\u00f3n del comportamiento de los visitantes\u00a0obtenida a trav\u00e9s de la observaci\u00f3n continuada de sus h\u00e1bitos de navegaci\u00f3n, lo que permite desarrollar un perfil espec\u00edfico para mostrar avisos publicitarios\u00a0en funci\u00f3n del mismo.<\/span><\/p>\n<h3><strong>Cookies de este sitio<\/strong><\/h3>\n<table class=\"box\" border=\"1\" width=\"589\" height=\"192\">\n<tbody>\n<tr>\n<td>PHPSESSID<\/td>\n<td>Sesi\u00f3n<\/td>\n<td>Esta cookie es usado por el lenguaje de encriptado PHP para permitir que las variables de SESI\u00d3N sean guardadas en el servidor web. Esta cookies es esencial para el funcionamiento de la web.<\/p>\n<p>&nbsp;<\/td>\n<\/tr>\n<\/tbody>\n<\/table>\n<table>\n<tbody>\n<tr>\n<td><strong>_drip_client<\/strong><\/td>\n<td>Cookie anal\u00edtica<\/td>\n<td>2 a\u00f1os<\/td>\n<\/tr>\n<\/tbody>\n<\/table>\n<h2><\/h2>\n<h2><b>Cookies de terceros<\/b><span>:<\/span><\/h2>\n<p><span>El Sitio Web puede utilizar servicios de terceros que recopilaran informaci\u00f3n con fines estad\u00edsticos, de uso del Site por parte del usuario y para la prestaci\u00f3n de otros servicios relacionados con la actividad del Website y otros servicios de Internet.<\/span><\/p>\n<p>&nbsp;<\/p>\n<ul>\n<li>\n<h3>Google Analytics<\/h3>\n<p><u>Google Analytics<\/u><span>\u00a0<\/span>es un servicio an\u00e1lisis de datos estad\u00edsticas prestado por la empresa<span>\u00a0<\/span><strong>Google<\/strong><span>\u00a0<\/span>(<u>pol\u00edtica de privacidad<\/u>).<strong><em><span>\u00a0<\/span><\/em><\/strong>No obstante te comento un poco su funcionamiento de Google Analytics:\u00a0 utiliza cookies para ayudar al sitio web a analizar datos estad\u00edsticos sobre el uso del mismo (n\u00famero de visitas totales, p\u00e1ginas m\u00e1s vistas, etc.). La informaci\u00f3n que genera la cookie (incluyendo su direcci\u00f3n IP) ser\u00e1 directamente transmitida y archivada por Google en los servidores de Estados Unidos.<\/p>\n<p>Google usar\u00e1 esta informaci\u00f3n por cuenta nuestra con el prop\u00f3sito de generar informaci\u00f3n estad\u00edsticas sobre el uso de mi blog Google no asociar\u00e1 su direcci\u00f3n IP con ning\u00fan otro dato del que disponga Google.<\/p>\n<table width=\"862\">\n<tbody>\n<tr>\n<td><span>NOMBRE<\/span><\/td>\n<td><span>DURACI\u00d3N PREDETERMINADA<\/span><\/td>\n<td><span>FINALIDAD Y DOMINIO<\/span><\/td>\n<\/tr>\n<tr>\n<td><span>__ut__utma, __utmb, __utmc, __utmz<\/span><\/td>\n<td><span>2 a\u00f1os a partir de la configuraci\u00f3n o actualizaci\u00f3n<\/span><\/td>\n<td><span>Google Analytics ,Permite analizar el tr\u00e1fico de la web y obtener estad\u00edsticas de navegaci\u00f3n.\u00a0<\/span><a href=\"http:\/\/www.google.com\/analytics\/\" rel=\"nofollow noopener\" target=\"_blank\"><span>M\u00e1s informaci\u00f3n<\/span><\/a><span>.<\/span><\/td>\n<\/tr>\n<tr>\n<td><\/td>\n<td><\/td>\n<\/tr>\n<\/tbody>\n<\/table>\n<h3><strong>. Cookies de WordPress:\u00a0 \u00a0 \u00a0 \u00a0 \u00a0 \u00a0 \u00a0 \u00a0 \u00a0 \u00a0 \u00a0 \u00a0 \u00a0 \u00a0 \u00a0 \u00a0 \u00a0 \u00a0 \u00a0 \u00a0 \u00a0 \u00a0 \u00a0 \u00a0 \u00a0 \u00a0 \u00a0 \u00a0 \u00a0 \u00a0 \u00a0 \u00a0 \u00a0 \u00a0 \u00a0 \u00a0 \u00a0 \u00a0 \u00a0 \u00a0 \u00a0 \u00a0 \u00a0 \u00a0 \u00a0 \u00a0 \u00a0 \u00a0 \u00a0 \u00a0 \u00a0 \u00a0 \u00a0 \u00a0 \u00a0 \u00a0 \u00a0 \u00a0 \u00a0 \u00a0 \u00a0 \u00a0 \u00a0 \u00a0 \u00a0 \u00a0 \u00a0 \u00a0 \u00a0 \u00a0 \u00a0 \u00a0 \u00a0 \u00a0 \u00a0 \u00a0 \u00a0 \u00a0 \u00a0 \u00a0 \u00a0 \u00a0 \u00a0 \u00a0 \u00a0 \u00a0 \u00a0 \u00a0 \u00a0 \u00a0 \u00a0 \u00a0 \u00a0 \u00a0 \u00a0 \u00a0 \u00a0 \u00a0 \u00a0 \u00a0 \u00a0 \u00a0 \u00a0 \u00a0 \u00a0 \u00a0 \u00a0 \u00a0 \u00a0 \u00a0 \u00a0 \u00a0 \u00a0 \u00a0 \u00a0 \u00a0 \u00a0 \u00a0 \u00a0 \u00a0 \u00a0 \u00a0 \u00a0 \u00a0 \u00a0 \u00a0 \u00a0 \u00a0 \u00a0 \u00a0 \u00a0 \u00a0 \u00a0\u00a0<\/strong><\/h3>\n<p>Las cookies que este medio utiliza meramente estad\u00edsticas del uso del mismo.\u00a0 \u00a0A tales efectos, los usos de tales cookies por los sistemas nunca est\u00e1n bajo control o gesti\u00f3n del responsable de la web, pueden cambiar su funci\u00f3n en cualquier momento, y entrar cookies nuevas. Estas cookies tampoco reportan al responsable de esta web beneficio alguno. Automattic, Inc., utiliza adem\u00e1s otras cookies con la finalidad de ayudar a identificar y rastrear a los visitantes de los sitios de\u00a0<b>WordPress<\/b>, conocer el uso que hacen del sitio web de Automattic, as\u00ed como sus preferencias de acceso al mismo, tal y como se recoge en el apartado \u201cCookies\u201d de su<span>\u00a0<\/span><a href=\"https:\/\/automattic.com\/privacy\/\" rel=\"nofollow noopener\" target=\"_blank\">pol\u00edtica de privacidad. \u00a0 \u00a0<\/a><\/p>\n<table>\n<tbody>\n<tr>\n<td><strong>wordpress_test_cookie<\/strong><\/td>\n<td>Esta cookie se usa para que el gestor de contenidos WordPress compruebe si el navegador tiene las cookies activadas.<\/td>\n<td>Al finalizar la SESI\u00d3N<\/td>\n<\/tr>\n<tr>\n<td><strong>wp-settings-1<\/strong><\/td>\n<td>Cookie usada para personalizar el interfaz de usuario<\/td>\n<td>1 d\u00eda<\/td>\n<\/tr>\n<tr>\n<td><strong>wp-settings-time-1<\/strong><\/td>\n<td>Cookie usada para personalizar el interfaz de usuario<\/td>\n<td>1 d\u00eda<\/td>\n<\/tr>\n<tr>\n<td><strong>wordpress_logged_in<\/strong><\/td>\n<td>Esta cookie indica si el usuario est\u00e1 conectado y qui\u00e9n es. \u00danicamente es usada cuando un usuario permitido entra a la zona de administraci\u00f3n<\/td>\n<td>Al finalizar la SESI\u00d3N<\/td>\n<\/tr>\n<\/tbody>\n<\/table>\n<\/li>\n<li><\/li>\n<li>\n<h3><strong>Cookies de Google\u00a0<\/strong><\/h3>\n<\/li>\n<\/ul>\n<ul>\n<li><strong>1P_JAR<\/strong>: transfiere datos a Google. Tiene una permanencia de 1 semana.<\/li>\n<\/ul>\n<p>&nbsp;<\/p>\n<ul>\n<li>\n<h3><strong>Cookies de redes sociales<\/strong><\/h3>\n<p>Estas cookies pueden almacenarse en tu navegador mientras navegas por la web, y cada una de las redes sociales tiene sus propias pol\u00edticas de cookies:<\/p>\n<p>&nbsp;<\/p>\n<p>\u2013 Cookies de Facebook, seg\u00fan lo dispuesto en su\u00a0<a href=\"https:\/\/www.facebook.com\/policies\/cookies\/\" rel=\"nofollow noopener\" target=\"_blank\">Cookie Policy<\/a><\/p>\n<p>\u2013 Cookies de Twitter, seg\u00fan lo dispuesto en su\u00a0<a href=\"https:\/\/support.twitter.com\/articles\/20170521\" rel=\"nofollow noopener\" target=\"_blank\">Cookie Policy<\/a><\/p>\n<p>\u2013 Cookies de Google + seg\u00fan lo dispuesto en su<span>\u00a0<\/span><a href=\"https:\/\/policies.google.com\/technologies\/cookies?hl=es\" rel=\"nofollow noopener\" target=\"_blank\">Cookie Policy<\/a><\/p>\n<p>_ Cookies de Instagram\u00a0 seg\u00fan lo dispuesto en su <a href=\"https:\/\/help.instagram.com\/1896641480634370\" rel=\"nofollow noopener\" target=\"_blank\">Cookie Policy<\/a><\/li>\n<\/ul>\n<p>&nbsp;<\/p>\n<h3><span><strong>\u00a0C\u00f3mo<\/strong>\u00a0<\/span><b>Desactivar las cookies<\/b><\/h3>\n<p><span>Puedes permitir, bloquear o eliminar las cookies instaladas en tu equipo mediante la configuraci\u00f3n de las opciones del navegador instalado en tu ordenador.<\/span><\/p>\n<p><span>A continuaci\u00f3n puedesacceder a la configuraci\u00f3n de los navegadores webs m\u00e1s frecuentes para aceptar, instalar o desactivar las cookies:<\/span><\/p>\n<ul>\n<li><a href=\"http:\/\/support.google.com\/chrome\/bin\/answer.py?hl=es&amp;answer=95647\" rel=\"nofollow noopener\" target=\"_blank\"><span>Chrome<\/span><\/a><\/li>\n<li><a href=\"http:\/\/windows.microsoft.com\/es-es\/windows7\/how-to-manage-cookies-in-internet-explorer-9\" rel=\"nofollow noopener\" target=\"_blank\"><span>Explorer<\/span><\/a><\/li>\n<li><a href=\"http:\/\/support.mozilla.org\/es\/kb\/habilitar-y-deshabilitar-cookies-que-los-sitios-we\" rel=\"nofollow noopener\" target=\"_blank\"><span>Firefox<\/span><\/a><\/li>\n<li><a href=\"http:\/\/support.apple.com\/kb\/ph5042\" rel=\"nofollow noopener\" target=\"_blank\"><span>Safari<\/span><\/a><\/li>\n<\/ul>\n<h3><strong>\u00bfSabes que puede suceder si desactivas las cookies?<\/strong><\/h3>\n<ol>\n<li>No podr\u00e1s compartir el contenido en las redes sociales.<\/li>\n<li>No se registrar\u00e1 tu visita y tu comportamiento.<\/li>\n<li>No podr\u00e1s comprar directamente en mi blog\/tienda en caso de vender alg\u00fan infoproducto<\/li>\n<li>No podr\u00e1s dejar comentarios en mi blog.<\/li>\n<li>No se te mostrar\u00e1 la publicidad.\u00a0 \u2026..\u00a0Entre otras cosas<\/li>\n<\/ol>\n<h2>\u00bfNecesitas m\u00e1s informaci\u00f3n sobre las cookies?<\/h2>\n<p>Tambi\u00e9n\u00a0 puedes consultar el reglamento sobre cookies que pone a disposici\u00f3n del p\u00fablico\u00a0 la Agencia Espa\u00f1ola de Protecci\u00f3n de Datos en su \u201cGu\u00eda sobre el uso de las cookies\u201d y recabar m\u00e1s informaci\u00f3n sobre las cookies en Internet,\u00a0<a class=\"external\" href=\"http:\/\/www.aboutcookies.org\/\" target=\"_blank\" rel=\"nofollow noopener\">http:\/\/www.aboutcookies.org\/<\/a><\/p>\n<p>Si deseas tener un mayor control sobre la instalaci\u00f3n de cookies, puedes instalar programas o complementos a tu navegador, conocidos como herramientas de \u201cDo Not Track\u201d, estos programas\u00a0 permiten al usuario escoger aquellas cookies que desea que se instalen en su navegador.<\/p>","protected":false},"excerpt":{"rendered":"<p>POL\u00cdTICA DE COOKIES \u00bfQu\u00e9 son las cookies? Cookie es un fichero que se descarga en su ordenador al acceder a determinadas p\u00e1ginas web. Las cookies permiten a una p\u00e1gina web, entre otras cosas, almacenar y recuperar informaci\u00f3n sobre los h\u00e1bitos de navegaci\u00f3n de un usuario o de su equipo y, [&hellip;]<\/p>","protected":false},"author":1,"featured_media":0,"parent":0,"menu_order":0,"comment_status":"closed","ping_status":"closed","template":"","meta":{"footnotes":""},"_links":{"self":[{"href":"https:\/\/malagaelitesports.com\/en\/wp-json\/wp\/v2\/pages\/313"}],"collection":[{"href":"https:\/\/malagaelitesports.com\/en\/wp-json\/wp\/v2\/pages"}],"about":[{"href":"https:\/\/malagaelitesports.com\/en\/wp-json\/wp\/v2\/types\/page"}],"author":[{"embeddable":true,"href":"https:\/\/malagaelitesports.com\/en\/wp-json\/wp\/v2\/users\/1"}],"replies":[{"embeddable":true,"href":"https:\/\/malagaelitesports.com\/en\/wp-json\/wp\/v2\/comments?post=313"}],"version-history":[{"count":0,"href":"https:\/\/malagaelitesports.com\/en\/wp-json\/wp\/v2\/pages\/313\/revisions"}],"wp:attachment":[{"href":"https:\/\/malagaelitesports.com\/en\/wp-json\/wp\/v2\/media?parent=313"}],"curies":[{"name":"wp","href":"https:\/\/api.w.org\/{rel}","templated":true}]}}