{"id":537,"date":"2021-01-28T17:12:58","date_gmt":"2021-01-28T15:12:58","guid":{"rendered":"https:\/\/malagaelitesports.com\/?page_id=537"},"modified":"2024-07-21T17:01:44","modified_gmt":"2024-07-21T16:01:44","slug":"academia-de-tecnificacion-futbol-malaga","status":"publish","type":"page","link":"https:\/\/malagaelitesports.com\/en\/academia-de-tecnificacion-futbol-malaga\/","title":{"rendered":"Academia de Tecnificaci\u00f3n F\u00fatbol M\u00e1laga"},"content":{"rendered":"<div data-elementor-type=\"wp-page\" data-elementor-id=\"537\" class=\"elementor elementor-537\">\n\t\t\t\t\t\t<section class=\"elementor-section elementor-top-section elementor-element elementor-element-436eade elementor-section-boxed elementor-section-height-default elementor-section-height-default\" data-id=\"436eade\" data-element_type=\"section\">\n\t\t\t\t\t\t<div class=\"elementor-container elementor-column-gap-default\">\n\t\t\t\t\t<div class=\"elementor-column elementor-col-100 elementor-top-column elementor-element elementor-element-caa07ea\" data-id=\"caa07ea\" data-element_type=\"column\">\n\t\t\t<div class=\"elementor-widget-wrap elementor-element-populated\">\n\t\t\t\t\t\t<div class=\"elementor-element elementor-element-0ab1630 elementor-widget elementor-widget-heading\" data-id=\"0ab1630\" data-element_type=\"widget\" data-widget_type=\"heading.default\">\n\t\t\t\t<div class=\"elementor-widget-container\">\n\t\t\t<style>\/*! elementor - v3.20.0 - 13-03-2024 *\/\n.elementor-heading-title{padding:0;margin:0;line-height:1}.elementor-widget-heading .elementor-heading-title[class*=elementor-size-]>a{color:inherit;font-size:inherit;line-height:inherit}.elementor-widget-heading .elementor-heading-title.elementor-size-small{font-size:15px}.elementor-widget-heading .elementor-heading-title.elementor-size-medium{font-size:19px}.elementor-widget-heading .elementor-heading-title.elementor-size-large{font-size:29px}.elementor-widget-heading .elementor-heading-title.elementor-size-xl{font-size:39px}.elementor-widget-heading .elementor-heading-title.elementor-size-xxl{font-size:59px}<\/style><h2 class=\"elementor-heading-title elementor-size-default\">ACADEMIA DE TECNIFICACI\u00d3N DE F\u00daTBOL <\/h2>\t\t<\/div>\n\t\t\t\t<\/div>\n\t\t\t\t\t<\/div>\n\t\t<\/div>\n\t\t\t\t\t<\/div>\n\t\t<\/section>\n\t\t\t\t<section class=\"elementor-section elementor-top-section elementor-element elementor-element-6c82cd5 elementor-section-boxed elementor-section-height-default elementor-section-height-default\" data-id=\"6c82cd5\" data-element_type=\"section\">\n\t\t\t\t\t\t<div class=\"elementor-container elementor-column-gap-default\">\n\t\t\t\t\t<div class=\"elementor-column elementor-col-100 elementor-top-column elementor-element elementor-element-8e24d7d\" data-id=\"8e24d7d\" data-element_type=\"column\">\n\t\t\t<div class=\"elementor-widget-wrap elementor-element-populated\">\n\t\t\t\t\t\t<div class=\"elementor-element elementor-element-6ecfb51 elementor-widget elementor-widget-image\" data-id=\"6ecfb51\" data-element_type=\"widget\" data-widget_type=\"image.default\">\n\t\t\t\t<div class=\"elementor-widget-container\">\n\t\t\t<style>\/*! elementor - v3.20.0 - 13-03-2024 *\/\n.elementor-widget-image{text-align:center}.elementor-widget-image a{display:inline-block}.elementor-widget-image a img[src$=\".svg\"]{width:48px}.elementor-widget-image img{vertical-align:middle;display:inline-block}<\/style>\t\t\t\t\t\t\t<figure class=\"wp-caption\">\n\t\t\t\t\t\t\t\t\t\t<img fetchpriority=\"high\" decoding=\"async\" width=\"724\" height=\"1024\" src=\"https:\/\/malagaelitesports.com\/wp-content\/uploads\/2024\/07\/Tecnificacion-Futbol-2024-2025-Malaga-Elite-Sports-724x1024.png\" class=\"attachment-large size-large wp-image-1630\" alt=\"Tecnificaci\u00f3n F\u00fatbol 2024-2025-M\u00e1laga Elite Sports\" srcset=\"https:\/\/malagaelitesports.com\/wp-content\/uploads\/2024\/07\/Tecnificacion-Futbol-2024-2025-Malaga-Elite-Sports-724x1024.png 724w, https:\/\/malagaelitesports.com\/wp-content\/uploads\/2024\/07\/Tecnificacion-Futbol-2024-2025-Malaga-Elite-Sports-212x300.png 212w, https:\/\/malagaelitesports.com\/wp-content\/uploads\/2024\/07\/Tecnificacion-Futbol-2024-2025-Malaga-Elite-Sports-768x1086.png 768w, https:\/\/malagaelitesports.com\/wp-content\/uploads\/2024\/07\/Tecnificacion-Futbol-2024-2025-Malaga-Elite-Sports-1086x1536.png 1086w, https:\/\/malagaelitesports.com\/wp-content\/uploads\/2024\/07\/Tecnificacion-Futbol-2024-2025-Malaga-Elite-Sports-8x12.png 8w, https:\/\/malagaelitesports.com\/wp-content\/uploads\/2024\/07\/Tecnificacion-Futbol-2024-2025-Malaga-Elite-Sports.png 1414w\" sizes=\"(max-width: 724px) 100vw, 724px\" title=\"\">\t\t\t\t\t\t\t\t\t\t\t<figcaption class=\"widget-image-caption wp-caption-text\"><\/figcaption>\n\t\t\t\t\t\t\t\t\t\t<\/figure>\n\t\t\t\t\t\t\t<\/div>\n\t\t\t\t<\/div>\n\t\t\t\t\t<\/div>\n\t\t<\/div>\n\t\t\t\t\t<\/div>\n\t\t<\/section>\n\t\t\t\t<section class=\"elementor-section elementor-top-section elementor-element elementor-element-3a4ee35 elementor-section-boxed elementor-section-height-default elementor-section-height-default\" data-id=\"3a4ee35\" data-element_type=\"section\">\n\t\t\t\t\t\t<div class=\"elementor-container elementor-column-gap-default\">\n\t\t\t\t\t<div class=\"elementor-column elementor-col-100 elementor-top-column elementor-element elementor-element-7c99fa8\" data-id=\"7c99fa8\" data-element_type=\"column\">\n\t\t\t<div class=\"elementor-widget-wrap elementor-element-populated\">\n\t\t\t\t\t\t<div class=\"elementor-element elementor-element-4832f81 elementor-widget elementor-widget-text-editor\" data-id=\"4832f81\" data-element_type=\"widget\" data-widget_type=\"text-editor.default\">\n\t\t\t\t<div class=\"elementor-widget-container\">\n\t\t\t<style>\/*! elementor - v3.20.0 - 13-03-2024 *\/\n.elementor-widget-text-editor.elementor-drop-cap-view-stacked .elementor-drop-cap{background-color:#69727d;color:#fff}.elementor-widget-text-editor.elementor-drop-cap-view-framed .elementor-drop-cap{color:#69727d;border:3px solid;background-color:transparent}.elementor-widget-text-editor:not(.elementor-drop-cap-view-default) .elementor-drop-cap{margin-top:8px}.elementor-widget-text-editor:not(.elementor-drop-cap-view-default) .elementor-drop-cap-letter{width:1em;height:1em}.elementor-widget-text-editor .elementor-drop-cap{float:left;text-align:center;line-height:1;font-size:50px}.elementor-widget-text-editor .elementor-drop-cap-letter{display:inline-block}<\/style>\t\t\t\t<p>Presentamos nuestro nuevo proyecto, nuestra <strong>Academia de Tecnificaci\u00f3n de f\u00fatbol La Colina<\/strong>&nbsp;<strong>en Torremolinos<\/strong>&nbsp;\u2013 <b>M\u00e1laga.<\/b><\/p>\n<p><!-- \/wp:paragraph --><!-- wp:paragraph --><\/p>\n<p><strong>Formaci\u00f3n t\u00e9cnico-t\u00e1ctica especializada <\/strong>para aquellos ni\u00f1os, ni\u00f1as y j\u00f3venes a partir de los 15 a\u00f1os que les apasiona el f\u00fatbol que quieran mejorar t\u00e9cnicamente y su rendimiento.<\/p>\n<p><!-- \/wp:paragraph --><!-- wp:paragraph --><\/p>\n<p>La coordinaci\u00f3n de la&nbsp;<strong>Academia de tecnificaci\u00f3n de f\u00fatbol estar\u00e1 desempe\u00f1ada por&nbsp;<a href=\"https:\/\/malagaelitesports.com\/en\/\">M\u00e1laga Elite Sports<\/a><\/strong><a href=\"https:\/\/malagaelitesports.com\/en\/\">,&nbsp;<\/a>de la mano de nuestros entrenadores, titulados nacionales Nivel III en activo, que adem\u00e1s se desempe\u00f1an profesionalmente en clubes federados en distintas categor\u00edas.<\/p>\n<p><!-- \/wp:paragraph --><!-- wp:paragraph --><\/p>\n<p>Estos entrenadores poseen una larga trayectoria en f\u00fatbol competitivo, formativo, de rendimiento, entrenamiento de porteros y an\u00e1lisis t\u00e1ctico para equipos de \u00e9lite.<\/p>\n<h2>METODOLOG\u00cdA TECNIFICACI\u00d3N DE F\u00daTBOL<\/h2>\n<p>Se le abrir\u00e1 una ficha al jugador con sus datos personales, f\u00edsicos adem\u00e1s del puesto en su equipo de f\u00fatbol en el que se desempe\u00f1a, para realizar un seguimiento y posterior evaluaci\u00f3n de sus avances.<\/p>\n<p><!-- \/wp:paragraph --><!-- wp:paragraph --><\/p>\n<p>Los<a href=\"https:\/\/malagaelitesports.com\/en\/sesion-de-entrenamiento-de-futbol-infantil-y-cadete\/\"> <b>entrenamientos de tecnificaci\u00f3n <\/b><\/a>se realizar\u00e1n en<strong> GRUPOS MUY REDUCIDOS<\/strong>&nbsp;para un trabajo m\u00e1s individualizado y correcci\u00f3n de los conceptos t\u00e9cnicos.<\/p>\n<p><!-- \/wp:paragraph --><!-- wp:paragraph --><\/p>\n<p>Esta nueva escuela se&nbsp;<strong>encuentra en las instalaciones de<a href=\"https:\/\/www.lacolinapadel.es\/\" rel=\"nofollow noopener\" target=\"_blank\"> Padel \u2013 Tenis \u2013 y F\u00fatbol La Colina<\/a>, en Torremolinos.<\/strong><\/p>\n<p><!-- \/wp:paragraph --><!-- wp:paragraph --><\/p>\n<p><\/p>\n<blockquote><\/blockquote>\n<p><strong>HORARIOS ESCUELITA<\/strong><\/p>\n<p>LUNES y JUEVES<\/p>\n<p>de 16:00 A 17:00<\/p>\n<p><\/p>\n<p>Consultar por otros horarios<\/p>\n<div>\n<p><strong>TARIFAS<\/strong><\/p>\n<p><b>48\u20ac x SESI\u00d3N<\/b><\/p>\n<p><b>AHORRA ABONANDO 8 SESIONES a 280\u20ac&nbsp;<\/b><\/p>\n<p>(35\u20ac x sesi\u00f3n)&nbsp;<\/p>\n<p>Las tarifas no incluyen IVA.<\/p>\n<\/div>\n<div>\n<p>Para informes e inscripci\u00f3n llamar:<\/p>\n<p data-wp-editing=\"1\">&nbsp;<a href=\"https:\/\/wa.me\/34678575167\" rel=\"nofollow noopener\" target=\"_blank\">Whatsapp&nbsp;<img decoding=\"async\" draggable=\"false\" role=\"img\" class=\"emoji\" alt=\"\ud83d\udcf2\" src=\"https:\/\/s.w.org\/images\/core\/emoji\/13.0.1\/svg\/1f4f2.svg\" title=\"\"> 678 575 16<\/a>7<\/p>\n<p><\/p>\n<p>&nbsp;\u00bfEst\u00e1s interesado en&nbsp;<a href=\"https:\/\/malagaelitesports.com\/en\/campus-tecnificacion-futbol-torremolinos\/\" target=\"_blank\" rel=\"noopener\">Campus de tecnificaci\u00f3n f\u00fatbol<\/a>?<\/p>\n<p>En temporadas estivales y vacacionales, realizamos eventos deportivos para formaci\u00f3n, entrenamiento y diversi\u00f3n para los m\u00e1s peque\u00f1os y no tanto.<\/p>\n<p>Cons\u00faltanos o s\u00edguenos en redes para estar informado.<\/p>\n<p><\/p>\n<\/div>\t\t\t\t\t\t<\/div>\n\t\t\t\t<\/div>\n\t\t\t\t\t<\/div>\n\t\t<\/div>\n\t\t\t\t\t<\/div>\n\t\t<\/section>\n\t\t<div class=\"elementor-element elementor-element-cdac083 e-flex e-con-boxed e-con e-parent\" data-id=\"cdac083\" data-element_type=\"container\" data-core-v316-plus=\"true\">\n\t\t\t\t\t<div class=\"e-con-inner\">\n\t\t\t\t<div class=\"elementor-element elementor-element-c70247d elementor-shape-rounded elementor-grid-0 e-grid-align-center elementor-widget elementor-widget-social-icons\" data-id=\"c70247d\" data-element_type=\"widget\" data-widget_type=\"social-icons.default\">\n\t\t\t\t<div class=\"elementor-widget-container\">\n\t\t\t<style>\/*! elementor - v3.20.0 - 13-03-2024 *\/\n.elementor-widget-social-icons.elementor-grid-0 .elementor-widget-container,.elementor-widget-social-icons.elementor-grid-mobile-0 .elementor-widget-container,.elementor-widget-social-icons.elementor-grid-tablet-0 .elementor-widget-container{line-height:1;font-size:0}.elementor-widget-social-icons:not(.elementor-grid-0):not(.elementor-grid-tablet-0):not(.elementor-grid-mobile-0) .elementor-grid{display:inline-grid}.elementor-widget-social-icons .elementor-grid{grid-column-gap:var(--grid-column-gap,5px);grid-row-gap:var(--grid-row-gap,5px);grid-template-columns:var(--grid-template-columns);justify-content:var(--justify-content,center);justify-items:var(--justify-content,center)}.elementor-icon.elementor-social-icon{font-size:var(--icon-size,25px);line-height:var(--icon-size,25px);width:calc(var(--icon-size, 25px) + 2 * var(--icon-padding, .5em));height:calc(var(--icon-size, 25px) + 2 * var(--icon-padding, .5em))}.elementor-social-icon{--e-social-icon-icon-color:#fff;display:inline-flex;background-color:#69727d;align-items:center;justify-content:center;text-align:center;cursor:pointer}.elementor-social-icon i{color:var(--e-social-icon-icon-color)}.elementor-social-icon svg{fill:var(--e-social-icon-icon-color)}.elementor-social-icon:last-child{margin:0}.elementor-social-icon:hover{opacity:.9;color:#fff}.elementor-social-icon-android{background-color:#a4c639}.elementor-social-icon-apple{background-color:#999}.elementor-social-icon-behance{background-color:#1769ff}.elementor-social-icon-bitbucket{background-color:#205081}.elementor-social-icon-codepen{background-color:#000}.elementor-social-icon-delicious{background-color:#39f}.elementor-social-icon-deviantart{background-color:#05cc47}.elementor-social-icon-digg{background-color:#005be2}.elementor-social-icon-dribbble{background-color:#ea4c89}.elementor-social-icon-elementor{background-color:#d30c5c}.elementor-social-icon-envelope{background-color:#ea4335}.elementor-social-icon-facebook,.elementor-social-icon-facebook-f{background-color:#3b5998}.elementor-social-icon-flickr{background-color:#0063dc}.elementor-social-icon-foursquare{background-color:#2d5be3}.elementor-social-icon-free-code-camp,.elementor-social-icon-freecodecamp{background-color:#006400}.elementor-social-icon-github{background-color:#333}.elementor-social-icon-gitlab{background-color:#e24329}.elementor-social-icon-globe{background-color:#69727d}.elementor-social-icon-google-plus,.elementor-social-icon-google-plus-g{background-color:#dd4b39}.elementor-social-icon-houzz{background-color:#7ac142}.elementor-social-icon-instagram{background-color:#262626}.elementor-social-icon-jsfiddle{background-color:#487aa2}.elementor-social-icon-link{background-color:#818a91}.elementor-social-icon-linkedin,.elementor-social-icon-linkedin-in{background-color:#0077b5}.elementor-social-icon-medium{background-color:#00ab6b}.elementor-social-icon-meetup{background-color:#ec1c40}.elementor-social-icon-mixcloud{background-color:#273a4b}.elementor-social-icon-odnoklassniki{background-color:#f4731c}.elementor-social-icon-pinterest{background-color:#bd081c}.elementor-social-icon-product-hunt{background-color:#da552f}.elementor-social-icon-reddit{background-color:#ff4500}.elementor-social-icon-rss{background-color:#f26522}.elementor-social-icon-shopping-cart{background-color:#4caf50}.elementor-social-icon-skype{background-color:#00aff0}.elementor-social-icon-slideshare{background-color:#0077b5}.elementor-social-icon-snapchat{background-color:#fffc00}.elementor-social-icon-soundcloud{background-color:#f80}.elementor-social-icon-spotify{background-color:#2ebd59}.elementor-social-icon-stack-overflow{background-color:#fe7a15}.elementor-social-icon-steam{background-color:#00adee}.elementor-social-icon-stumbleupon{background-color:#eb4924}.elementor-social-icon-telegram{background-color:#2ca5e0}.elementor-social-icon-threads{background-color:#000}.elementor-social-icon-thumb-tack{background-color:#1aa1d8}.elementor-social-icon-tripadvisor{background-color:#589442}.elementor-social-icon-tumblr{background-color:#35465c}.elementor-social-icon-twitch{background-color:#6441a5}.elementor-social-icon-twitter{background-color:#1da1f2}.elementor-social-icon-viber{background-color:#665cac}.elementor-social-icon-vimeo{background-color:#1ab7ea}.elementor-social-icon-vk{background-color:#45668e}.elementor-social-icon-weibo{background-color:#dd2430}.elementor-social-icon-weixin{background-color:#31a918}.elementor-social-icon-whatsapp{background-color:#25d366}.elementor-social-icon-wordpress{background-color:#21759b}.elementor-social-icon-x-twitter{background-color:#000}.elementor-social-icon-xing{background-color:#026466}.elementor-social-icon-yelp{background-color:#af0606}.elementor-social-icon-youtube{background-color:#cd201f}.elementor-social-icon-500px{background-color:#0099e5}.elementor-shape-rounded .elementor-icon.elementor-social-icon{border-radius:10%}.elementor-shape-circle .elementor-icon.elementor-social-icon{border-radius:50%}<\/style>\t\t<div class=\"elementor-social-icons-wrapper elementor-grid\">\n\t\t\t\t\t\t\t<span class=\"elementor-grid-item\">\n\t\t\t\t\t<a class=\"elementor-icon elementor-social-icon elementor-social-icon-facebook elementor-repeater-item-1309ae3\" href=\"https:\/\/www.facebook.com\/malagaelitesports\/\" target=\"_blank\" rel=\"nofollow noopener\">\n\t\t\t\t\t\t<span class=\"elementor-screen-only\">Facebook<\/span>\n\t\t\t\t\t\t<svg class=\"e-font-icon-svg e-fab-facebook\" viewbox=\"0 0 512 512\" xmlns=\"http:\/\/www.w3.org\/2000\/svg\"><path d=\"M504 256C504 119 393 8 256 8S8 119 8 256c0 123.78 90.69 226.38 209.25 245V327.69h-63V256h63v-54.64c0-62.15 37-96.48 93.67-96.48 27.14 0 55.52 4.84 55.52 4.84v61h-31.28c-30.8 0-40.41 19.12-40.41 38.73V256h68.78l-11 71.69h-57.78V501C413.31 482.38 504 379.78 504 256z\"><\/path><\/svg>\t\t\t\t\t<\/a>\n\t\t\t\t<\/span>\n\t\t\t\t\t\t\t<span class=\"elementor-grid-item\">\n\t\t\t\t\t<a class=\"elementor-icon elementor-social-icon elementor-social-icon-instagram elementor-repeater-item-56b7eae\" href=\"https:\/\/www.instagram.com\/malagaelitesports\/\" target=\"_blank\" rel=\"nofollow noopener\">\n\t\t\t\t\t\t<span class=\"elementor-screen-only\">Instagram<\/span>\n\t\t\t\t\t\t<svg class=\"e-font-icon-svg e-fab-instagram\" viewbox=\"0 0 448 512\" xmlns=\"http:\/\/www.w3.org\/2000\/svg\"><path d=\"M224.1 141c-63.6 0-114.9 51.3-114.9 114.9s51.3 114.9 114.9 114.9S339 319.5 339 255.9 287.7 141 224.1 141zm0 189.6c-41.1 0-74.7-33.5-74.7-74.7s33.5-74.7 74.7-74.7 74.7 33.5 74.7 74.7-33.6 74.7-74.7 74.7zm146.4-194.3c0 14.9-12 26.8-26.8 26.8-14.9 0-26.8-12-26.8-26.8s12-26.8 26.8-26.8 26.8 12 26.8 26.8zm76.1 27.2c-1.7-35.9-9.9-67.7-36.2-93.9-26.2-26.2-58-34.4-93.9-36.2-37-2.1-147.9-2.1-184.9 0-35.8 1.7-67.6 9.9-93.9 36.1s-34.4 58-36.2 93.9c-2.1 37-2.1 147.9 0 184.9 1.7 35.9 9.9 67.7 36.2 93.9s58 34.4 93.9 36.2c37 2.1 147.9 2.1 184.9 0 35.9-1.7 67.7-9.9 93.9-36.2 26.2-26.2 34.4-58 36.2-93.9 2.1-37 2.1-147.8 0-184.8zM398.8 388c-7.8 19.6-22.9 34.7-42.6 42.6-29.5 11.7-99.5 9-132.1 9s-102.7 2.6-132.1-9c-19.6-7.8-34.7-22.9-42.6-42.6-11.7-29.5-9-99.5-9-132.1s-2.6-102.7 9-132.1c7.8-19.6 22.9-34.7 42.6-42.6 29.5-11.7 99.5-9 132.1-9s102.7-2.6 132.1 9c19.6 7.8 34.7 22.9 42.6 42.6 11.7 29.5 9 99.5 9 132.1s2.7 102.7-9 132.1z\"><\/path><\/svg>\t\t\t\t\t<\/a>\n\t\t\t\t<\/span>\n\t\t\t\t\t\t\t<span class=\"elementor-grid-item\">\n\t\t\t\t\t<a class=\"elementor-icon elementor-social-icon elementor-social-icon-tiktok elementor-repeater-item-727e05d\" href=\"https:\/\/www.tiktok.com\/@malagaelitesports\" target=\"_blank\" rel=\"nofollow noopener\">\n\t\t\t\t\t\t<span class=\"elementor-screen-only\">Tiktok<\/span>\n\t\t\t\t\t\t<svg class=\"e-font-icon-svg e-fab-tiktok\" viewbox=\"0 0 448 512\" xmlns=\"http:\/\/www.w3.org\/2000\/svg\"><path d=\"M448,209.91a210.06,210.06,0,0,1-122.77-39.25V349.38A162.55,162.55,0,1,1,185,188.31V278.2a74.62,74.62,0,1,0,52.23,71.18V0l88,0a121.18,121.18,0,0,0,1.86,22.17h0A122.18,122.18,0,0,0,381,102.39a121.43,121.43,0,0,0,67,20.14Z\"><\/path><\/svg>\t\t\t\t\t<\/a>\n\t\t\t\t<\/span>\n\t\t\t\t\t<\/div>\n\t\t\t\t<\/div>\n\t\t\t\t<\/div>\n\t\t\t\t\t<\/div>\n\t\t\t\t<\/div>\n\t\t\t\t<section class=\"elementor-section elementor-top-section elementor-element elementor-element-63967dd elementor-section-boxed elementor-section-height-default elementor-section-height-default\" data-id=\"63967dd\" data-element_type=\"section\">\n\t\t\t\t\t\t<div class=\"elementor-container elementor-column-gap-default\">\n\t\t\t\t\t<div class=\"elementor-column elementor-col-100 elementor-top-column elementor-element elementor-element-a0b4297\" data-id=\"a0b4297\" data-element_type=\"column\">\n\t\t\t<div class=\"elementor-widget-wrap elementor-element-populated\">\n\t\t\t\t\t\t<div class=\"elementor-element elementor-element-b380eef elementor-align-center elementor-widget elementor-widget-button\" data-id=\"b380eef\" data-element_type=\"widget\" data-widget_type=\"button.default\">\n\t\t\t\t<div class=\"elementor-widget-container\">\n\t\t\t\t\t<div class=\"elementor-button-wrapper\">\n\t\t\t<a class=\"elementor-button elementor-button-link elementor-size-xl\" href=\"https:\/\/malagaelitesports.us6.list-manage.com\/subscribe?u=9ee046d0d961e4d337ada5b14&#038;id=3946781d7d\" rel=\"nofollow noopener\" target=\"_blank\">\n\t\t\t\t\t\t<span class=\"elementor-button-content-wrapper\">\n\t\t\t\t\t\t<span class=\"elementor-button-icon elementor-align-icon-left\">\n\t\t\t\t<svg aria-hidden=\"true\" class=\"e-font-icon-svg e-fas-mail-bulk\" viewbox=\"0 0 576 512\" xmlns=\"http:\/\/www.w3.org\/2000\/svg\"><path d=\"M160 448c-25.6 0-51.2-22.4-64-32-64-44.8-83.2-60.8-96-70.4V480c0 17.67 14.33 32 32 32h256c17.67 0 32-14.33 32-32V345.6c-12.8 9.6-32 25.6-96 70.4-12.8 9.6-38.4 32-64 32zm128-192H32c-17.67 0-32 14.33-32 32v16c25.6 19.2 22.4 19.2 115.2 86.4 9.6 6.4 28.8 25.6 44.8 25.6s35.2-19.2 44.8-22.4c92.8-67.2 89.6-67.2 115.2-86.4V288c0-17.67-14.33-32-32-32zm256-96H224c-17.67 0-32 14.33-32 32v32h96c33.21 0 60.59 25.42 63.71 57.82l.29-.22V416h192c17.67 0 32-14.33 32-32V192c0-17.67-14.33-32-32-32zm-32 128h-64v-64h64v64zm-352-96c0-35.29 28.71-64 64-64h224V32c0-17.67-14.33-32-32-32H96C78.33 0 64 14.33 64 32v192h96v-32z\"><\/path><\/svg>\t\t\t<\/span>\n\t\t\t\t\t\t<span class=\"elementor-button-text\">SUSCR\u00cdBETE A NUESTRA NEWSLETTER<\/span>\n\t\t<\/span>\n\t\t\t\t\t<\/a>\n\t\t<\/div>\n\t\t\t\t<\/div>\n\t\t\t\t<\/div>\n\t\t\t\t\t<\/div>\n\t\t<\/div>\n\t\t\t\t\t<\/div>\n\t\t<\/section>\n\t\t\t\t<\/div>","protected":false},"excerpt":{"rendered":"<p>ACADEMIA DE TECNIFICACI\u00d3N DE F\u00daTBOL Presentamos nuestro nuevo proyecto, nuestra Academia de Tecnificaci\u00f3n de f\u00fatbol La Colina&nbsp;en Torremolinos&nbsp;\u2013 M\u00e1laga. Formaci\u00f3n t\u00e9cnico-t\u00e1ctica especializada para aquellos ni\u00f1os, ni\u00f1as y j\u00f3venes a partir de los 15 a\u00f1os que les apasiona el f\u00fatbol que quieran mejorar t\u00e9cnicamente y su rendimiento. La coordinaci\u00f3n de la&nbsp;Academia [&hellip;]<\/p>","protected":false},"author":1,"featured_media":1488,"parent":0,"menu_order":0,"comment_status":"closed","ping_status":"closed","template":"","meta":{"footnotes":""},"_links":{"self":[{"href":"https:\/\/malagaelitesports.com\/en\/wp-json\/wp\/v2\/pages\/537"}],"collection":[{"href":"https:\/\/malagaelitesports.com\/en\/wp-json\/wp\/v2\/pages"}],"about":[{"href":"https:\/\/malagaelitesports.com\/en\/wp-json\/wp\/v2\/types\/page"}],"author":[{"embeddable":true,"href":"https:\/\/malagaelitesports.com\/en\/wp-json\/wp\/v2\/users\/1"}],"replies":[{"embeddable":true,"href":"https:\/\/malagaelitesports.com\/en\/wp-json\/wp\/v2\/comments?post=537"}],"version-history":[{"count":0,"href":"https:\/\/malagaelitesports.com\/en\/wp-json\/wp\/v2\/pages\/537\/revisions"}],"wp:featuredmedia":[{"embeddable":true,"href":"https:\/\/malagaelitesports.com\/en\/wp-json\/wp\/v2\/media\/1488"}],"wp:attachment":[{"href":"https:\/\/malagaelitesports.com\/en\/wp-json\/wp\/v2\/media?parent=537"}],"curies":[{"name":"wp","href":"https:\/\/api.w.org\/{rel}","templated":true}]}}