{"id":632,"date":"2021-04-13T14:45:52","date_gmt":"2021-04-13T12:45:52","guid":{"rendered":"https:\/\/malagaelitesports.com\/?page_id=632"},"modified":"2025-05-09T15:18:15","modified_gmt":"2025-05-09T14:18:15","slug":"campus-tecnificacion-futbol-torremolinos","status":"publish","type":"page","link":"https:\/\/malagaelitesports.com\/en\/campus-tecnificacion-futbol-torremolinos\/","title":{"rendered":"Campus de Tecnificaci\u00f3n de F\u00fatbol"},"content":{"rendered":"<div data-elementor-type=\"wp-page\" data-elementor-id=\"632\" class=\"elementor elementor-632\">\n\t\t\t\t\t\t<section class=\"elementor-section elementor-top-section elementor-element elementor-element-241af50e elementor-section-boxed elementor-section-height-default elementor-section-height-default\" data-id=\"241af50e\" data-element_type=\"section\">\n\t\t\t\t\t\t<div class=\"elementor-container elementor-column-gap-default\">\n\t\t\t\t\t<div class=\"elementor-column elementor-col-100 elementor-top-column elementor-element elementor-element-16ef2543\" data-id=\"16ef2543\" data-element_type=\"column\">\n\t\t\t<div class=\"elementor-widget-wrap elementor-element-populated\">\n\t\t\t\t\t\t<div class=\"elementor-element elementor-element-7ffd84f0 elementor-widget elementor-widget-text-editor\" data-id=\"7ffd84f0\" data-element_type=\"widget\" data-widget_type=\"text-editor.default\">\n\t\t\t\t<div class=\"elementor-widget-container\">\n\t\t\t<style>\/*! elementor - v3.20.0 - 13-03-2024 *\/\n.elementor-widget-text-editor.elementor-drop-cap-view-stacked .elementor-drop-cap{background-color:#69727d;color:#fff}.elementor-widget-text-editor.elementor-drop-cap-view-framed .elementor-drop-cap{color:#69727d;border:3px solid;background-color:transparent}.elementor-widget-text-editor:not(.elementor-drop-cap-view-default) .elementor-drop-cap{margin-top:8px}.elementor-widget-text-editor:not(.elementor-drop-cap-view-default) .elementor-drop-cap-letter{width:1em;height:1em}.elementor-widget-text-editor .elementor-drop-cap{float:left;text-align:center;line-height:1;font-size:50px}.elementor-widget-text-editor .elementor-drop-cap-letter{display:inline-block}<\/style>\t\t\t\t<!-- wp:themeisle-blocks\/advanced-columns {\"id\":\"wp-block-themeisle-blocks-advanced-columns-06f9517a\"} -->\n<div class=\"wp-block-themeisle-blocks-advanced-columns has-undefined-columns has-desktop-undefined-layout has-tablet-equal-layout has-mobile-equal-layout has-default-gap has-vertical-unset\" id=\"wp-block-themeisle-blocks-advanced-columns-06f9517a\"><div class=\"wp-block-themeisle-blocks-advanced-columns-overlay\"><\/div><div class=\"innerblocks-wrap\"><\/div><\/div>\n<!-- \/wp:themeisle-blocks\/advanced-columns -->\t\t\t\t\t\t<\/div>\n\t\t\t\t<\/div>\n\t\t\t\t\t<\/div>\n\t\t<\/div>\n\t\t\t\t\t<\/div>\n\t\t<\/section>\n\t\t\t\t<section class=\"elementor-section elementor-top-section elementor-element elementor-element-64d881a elementor-section-boxed elementor-section-height-default elementor-section-height-default\" data-id=\"64d881a\" data-element_type=\"section\">\n\t\t\t\t\t\t<div class=\"elementor-container elementor-column-gap-default\">\n\t\t\t\t\t<div class=\"elementor-column elementor-col-100 elementor-top-column elementor-element elementor-element-1c796a9\" data-id=\"1c796a9\" data-element_type=\"column\">\n\t\t\t<div class=\"elementor-widget-wrap elementor-element-populated\">\n\t\t\t\t\t\t<div class=\"elementor-element elementor-element-e8bcd12 elementor-widget elementor-widget-heading\" data-id=\"e8bcd12\" data-element_type=\"widget\" data-widget_type=\"heading.default\">\n\t\t\t\t<div class=\"elementor-widget-container\">\n\t\t\t<style>\/*! elementor - v3.20.0 - 13-03-2024 *\/\n.elementor-heading-title{padding:0;margin:0;line-height:1}.elementor-widget-heading .elementor-heading-title[class*=elementor-size-]>a{color:inherit;font-size:inherit;line-height:inherit}.elementor-widget-heading .elementor-heading-title.elementor-size-small{font-size:15px}.elementor-widget-heading .elementor-heading-title.elementor-size-medium{font-size:19px}.elementor-widget-heading .elementor-heading-title.elementor-size-large{font-size:29px}.elementor-widget-heading .elementor-heading-title.elementor-size-xl{font-size:39px}.elementor-widget-heading .elementor-heading-title.elementor-size-xxl{font-size:59px}<\/style><h1 class=\"elementor-heading-title elementor-size-default\">Campus de Tecnificaci\u00f3n de F\u00fatbol <\/h1>\t\t<\/div>\n\t\t\t\t<\/div>\n\t\t\t\t\t<\/div>\n\t\t<\/div>\n\t\t\t\t\t<\/div>\n\t\t<\/section>\n\t\t\t\t<section class=\"elementor-section elementor-top-section elementor-element elementor-element-095039f elementor-section-boxed elementor-section-height-default elementor-section-height-default\" data-id=\"095039f\" data-element_type=\"section\">\n\t\t\t\t\t\t<div class=\"elementor-container elementor-column-gap-default\">\n\t\t\t\t\t<div class=\"elementor-column elementor-col-100 elementor-top-column elementor-element elementor-element-a25e6a8\" data-id=\"a25e6a8\" data-element_type=\"column\">\n\t\t\t<div class=\"elementor-widget-wrap elementor-element-populated\">\n\t\t\t\t\t\t<div class=\"elementor-element elementor-element-5c53948 elementor-widget elementor-widget-image\" data-id=\"5c53948\" data-element_type=\"widget\" data-widget_type=\"image.default\">\n\t\t\t\t<div class=\"elementor-widget-container\">\n\t\t\t<style>\/*! elementor - v3.20.0 - 13-03-2024 *\/\n.elementor-widget-image{text-align:center}.elementor-widget-image a{display:inline-block}.elementor-widget-image a img[src$=\".svg\"]{width:48px}.elementor-widget-image img{vertical-align:middle;display:inline-block}<\/style>\t\t\t\t\t\t\t\t\t\t<img fetchpriority=\"high\" decoding=\"async\" width=\"600\" height=\"400\" src=\"https:\/\/malagaelitesports.com\/wp-content\/uploads\/2024\/06\/EJERCICIOS-TECNIFICACION-FUTBOL-EN-EDADES-TEMPRANAS.png\" class=\"attachment-large size-large wp-image-1550\" alt=\"CAMPUS DE TECNIFICACI\u00d3N DE F\u00daTBOL EN TORREMOLINOS-M\u00c1LAGA\" srcset=\"https:\/\/malagaelitesports.com\/wp-content\/uploads\/2024\/06\/EJERCICIOS-TECNIFICACION-FUTBOL-EN-EDADES-TEMPRANAS.png 600w, https:\/\/malagaelitesports.com\/wp-content\/uploads\/2024\/06\/EJERCICIOS-TECNIFICACION-FUTBOL-EN-EDADES-TEMPRANAS-300x200.png 300w, https:\/\/malagaelitesports.com\/wp-content\/uploads\/2024\/06\/EJERCICIOS-TECNIFICACION-FUTBOL-EN-EDADES-TEMPRANAS-18x12.png 18w, https:\/\/malagaelitesports.com\/wp-content\/uploads\/2024\/06\/EJERCICIOS-TECNIFICACION-FUTBOL-EN-EDADES-TEMPRANAS-360x240.png 360w\" sizes=\"(max-width: 600px) 100vw, 600px\" title=\"\">\t\t\t\t\t\t\t\t\t\t\t\t\t<\/div>\n\t\t\t\t<\/div>\n\t\t\t\t\t<\/div>\n\t\t<\/div>\n\t\t\t\t\t<\/div>\n\t\t<\/section>\n\t\t\t\t<section class=\"elementor-section elementor-top-section elementor-element elementor-element-485a75c elementor-section-boxed elementor-section-height-default elementor-section-height-default\" data-id=\"485a75c\" data-element_type=\"section\">\n\t\t\t\t\t\t<div class=\"elementor-container elementor-column-gap-default\">\n\t\t\t\t\t<div class=\"elementor-column elementor-col-100 elementor-top-column elementor-element elementor-element-7dc0712\" data-id=\"7dc0712\" data-element_type=\"column\">\n\t\t\t<div class=\"elementor-widget-wrap elementor-element-populated\">\n\t\t\t\t\t\t<div class=\"elementor-element elementor-element-64bd36a elementor-widget elementor-widget-text-editor\" data-id=\"64bd36a\" data-element_type=\"widget\" data-widget_type=\"text-editor.default\">\n\t\t\t\t<div class=\"elementor-widget-container\">\n\t\t\t\t\t\t\t<p>Los <strong>campus de tecnificaci\u00f3n<\/strong> son un excelente \u00e1mbito para aprender, divertirse y sociabilizar.<\/p>\n<p>Enfocados siempre en nuestra metodolog\u00eda de trabajo, nuestro proyecto M\u00e1laga Elite Sports, en colaboraci\u00f3n con Club Tenis &amp; Padel La Colina, en Torremolinos, <strong>organizamos distintos campus de tecnificaci\u00f3n de f\u00fatbol durante el a\u00f1o.<\/strong><\/p>\n<p>Enfocado principalmente\u00a0 para las las edades comprendidas\u00a0 entre los 5 y los 14 a\u00f1os.\u00a0<\/p>\n<p>Se organizar\u00e1n por grupos de edades y tambi\u00e9n por\u00a0 niveles de conocimiento, y se incorporar\u00e1n actividades de formaci\u00f3n pr\u00e1ctica de t\u00e9cnica y t\u00e1ctica de f\u00fatbol,\u00a0 actividades l\u00fadicas siempre enfocados a este deporte y peque\u00f1os torneos de f\u00fatbol.<\/p>\n<p>La idea es que el o la jugadora aprendan mientras se divierten en un ambiente m\u00e1s distendido y social.\u00a0<\/p>\n<p><b>Nuestros campamentos de tecnificaci\u00f3n de f\u00fatbol son dirigidos y organizados por entrenadores nacionales en este deporte con larga trayectoria <\/b>en gesti\u00f3n de este tipo de eventos y de equipos de f\u00fatbol en distintas categor\u00edas como tambi\u00e9n monitores deportivos experimentados\u00a0 para mayor control y seguridad.<\/p>\n<p>En \u00e9stos eventos, se entregan camisetas, premios y diplomas.<\/p>\n<p><span style=\"font-size: inherit;\">Durante el 2021, 2022, 2023 Y 2024 hemos realizado varios <strong>campamentos de tecnificaci\u00f3n<\/strong> y gracias al \u00e9xito que han tenido,\u00a0 seguiremos ofreciendo este servicio durante vacaciones y descansos como en en estos momentos estamos realizando las inscripciones para el\u00a0<b>Campamento de Tecnificaci\u00f3n VERANO 2025<\/b><\/span><\/p>\n<p>Cualquier consulta, no dudes en contactarnos<\/p>\n<p>Si\u00a0 te interesa mejorar el rendimiento como\u00a0 jugador de f\u00fatbol para tu equipo, trabajar tus puntos d\u00e9biles y tus fortalezas,\u00a0 puedes inscribirte en nuestra <a href=\"https:\/\/malagaelitesports.com\/en\/academia-de-tecnificacion-futbol-malaga\/\">Academia de Tecnificaci\u00f3n de F\u00fatbol en Torremolinos<\/a>\u00a0o en nuestra<a href=\"https:\/\/malagaelitesports.com\/en\/escuelita-de-futbol-en-torremolinos-malaga\/\"> Escuelita de f\u00fatbol en Torremolinos<\/a>, ideal para iniciados e infantiles, a partir de los 5 a\u00f1os, donde aprender\u00e1s a dar tus primeros pasos en un entorno ameno, siempre respetando los tiempos individuales,\u00a0<\/p>\n<p>Si ya juegas\u00a0 o has jugado en clubes federados, podr\u00e1s reforzar tus habilidades recibiendo un entrenamiento m\u00e1s espec\u00edfico con formaci\u00f3n integral, t\u00e9cnico-t\u00e1ctica f\u00edsica y psicol\u00f3gica para un crecimiento positivo y motivador.<\/p>\n<p><span style=\"font-size: inherit;\">Para m\u00e1s informaci\u00f3n o\u00a0<\/span><strong style=\"font-size: inherit;\">\u00a0reservar directamente contactar con Club al +34 672321293<\/strong><\/p>\t\t\t\t\t\t<\/div>\n\t\t\t\t<\/div>\n\t\t\t\t\t<\/div>\n\t\t<\/div>\n\t\t\t\t\t<\/div>\n\t\t<\/section>\n\t\t\t\t<section class=\"elementor-section elementor-top-section elementor-element elementor-element-7d67881 elementor-section-boxed elementor-section-height-default elementor-section-height-default\" data-id=\"7d67881\" data-element_type=\"section\">\n\t\t\t\t\t\t<div class=\"elementor-container elementor-column-gap-default\">\n\t\t\t\t\t<div class=\"elementor-column elementor-col-100 elementor-top-column elementor-element elementor-element-89c3ac4\" data-id=\"89c3ac4\" data-element_type=\"column\">\n\t\t\t<div class=\"elementor-widget-wrap elementor-element-populated\">\n\t\t\t\t\t\t<div class=\"elementor-element elementor-element-1ca56bd elementor-widget elementor-widget-heading\" data-id=\"1ca56bd\" data-element_type=\"widget\" data-widget_type=\"heading.default\">\n\t\t\t\t<div class=\"elementor-widget-container\">\n\t\t\t<h2 class=\"elementor-heading-title elementor-size-default\">ABRIMOS LA INSCRIPCI\u00d3N PARA EL CAMPUS DE TECNIFICACI\u00d3N F\u00daTBOL VERANO 2025<\/h2>\t\t<\/div>\n\t\t\t\t<\/div>\n\t\t\t\t\t<\/div>\n\t\t<\/div>\n\t\t\t\t\t<\/div>\n\t\t<\/section>\n\t\t<div class=\"elementor-element elementor-element-274d535 e-flex e-con-boxed e-con e-parent\" data-id=\"274d535\" data-element_type=\"container\" data-core-v316-plus=\"true\">\n\t\t\t\t\t<div class=\"e-con-inner\">\n\t\t\t\t<div class=\"elementor-element elementor-element-2b56539 elementor-widget__width-initial elementor-widget elementor-widget-text-editor\" data-id=\"2b56539\" data-element_type=\"widget\" data-widget_type=\"text-editor.default\">\n\t\t\t\t<div class=\"elementor-widget-container\">\n\t\t\t\t\t\t\t<p><span style=\"font-size: inherit; text-align: var(--text-align);\">Del 30 de Junio\u00a0 al 1 de Agosto 2025<\/span><\/p>\n<p><span style=\"font-size: inherit; text-align: var(--text-align);\">Ni\u00f1os y ni\u00f1as de 5 a 14 a\u00f1os<\/span><\/p>\n<p>GRUPOS REDUCIDOS Y POR NIVELES<\/p>\t\t\t\t\t\t<\/div>\n\t\t\t\t<\/div>\n\t\t\t\t\t<\/div>\n\t\t\t\t<\/div>\n\t\t<div class=\"elementor-element elementor-element-66aafaf e-flex e-con-boxed e-con e-parent\" data-id=\"66aafaf\" data-element_type=\"container\" data-core-v316-plus=\"true\">\n\t\t\t\t\t<div class=\"e-con-inner\">\n\t\t\t\t<div class=\"elementor-element elementor-element-fe3af37 elementor-widget elementor-widget-image\" data-id=\"fe3af37\" data-element_type=\"widget\" data-widget_type=\"image.default\">\n\t\t\t\t<div class=\"elementor-widget-container\">\n\t\t\t\t\t\t\t\t\t\t\t\t\t<img decoding=\"async\" width=\"724\" height=\"1024\" src=\"https:\/\/malagaelitesports.com\/wp-content\/uploads\/2025\/05\/Campus-de-futbol-VERANO-2025-Malaga-Elite-Sports-1-724x1024.png\" class=\"attachment-large size-large wp-image-1722\" alt=\"Campus de futbol VERANO 2025-M\u00e1laga Elite Sports\" srcset=\"https:\/\/malagaelitesports.com\/wp-content\/uploads\/2025\/05\/Campus-de-futbol-VERANO-2025-Malaga-Elite-Sports-1-724x1024.png 724w, https:\/\/malagaelitesports.com\/wp-content\/uploads\/2025\/05\/Campus-de-futbol-VERANO-2025-Malaga-Elite-Sports-1-212x300.png 212w, https:\/\/malagaelitesports.com\/wp-content\/uploads\/2025\/05\/Campus-de-futbol-VERANO-2025-Malaga-Elite-Sports-1-768x1086.png 768w, https:\/\/malagaelitesports.com\/wp-content\/uploads\/2025\/05\/Campus-de-futbol-VERANO-2025-Malaga-Elite-Sports-1-1086x1536.png 1086w, https:\/\/malagaelitesports.com\/wp-content\/uploads\/2025\/05\/Campus-de-futbol-VERANO-2025-Malaga-Elite-Sports-1-8x12.png 8w, https:\/\/malagaelitesports.com\/wp-content\/uploads\/2025\/05\/Campus-de-futbol-VERANO-2025-Malaga-Elite-Sports-1.png 1414w\" sizes=\"(max-width: 724px) 100vw, 724px\" title=\"\">\t\t\t\t\t\t\t\t\t\t\t\t\t<\/div>\n\t\t\t\t<\/div>\n\t\t\t\t\t<\/div>\n\t\t\t\t<\/div>\n\t\t<div class=\"elementor-element elementor-element-974ac28 e-flex e-con-boxed e-con e-parent\" data-id=\"974ac28\" data-element_type=\"container\" data-core-v316-plus=\"true\">\n\t\t\t\t\t<div class=\"e-con-inner\">\n\t\t\t\t<div class=\"elementor-element elementor-element-4ed31c9 elementor-align-center elementor-widget elementor-widget-button\" data-id=\"4ed31c9\" data-element_type=\"widget\" data-widget_type=\"button.default\">\n\t\t\t\t<div class=\"elementor-widget-container\">\n\t\t\t\t\t<div class=\"elementor-button-wrapper\">\n\t\t\t<a class=\"elementor-button elementor-button-link elementor-size-sm\" href=\"https:\/\/wa.me\/34678575167\" rel=\"nofollow noopener\" target=\"_blank\">\n\t\t\t\t\t\t<span class=\"elementor-button-content-wrapper\">\n\t\t\t\t\t\t<span class=\"elementor-button-text\">CONT\u00c1CTANOS<\/span>\n\t\t<\/span>\n\t\t\t\t\t<\/a>\n\t\t<\/div>\n\t\t\t\t<\/div>\n\t\t\t\t<\/div>\n\t\t\t\t\t<\/div>\n\t\t\t\t<\/div>\n\t\t\t\t<\/div>","protected":false},"excerpt":{"rendered":"<p>Campus de Tecnificaci\u00f3n de F\u00fatbol Los campus de tecnificaci\u00f3n son un excelente \u00e1mbito para aprender, divertirse y sociabilizar. Enfocados siempre en nuestra metodolog\u00eda de trabajo, nuestro proyecto M\u00e1laga Elite Sports, en colaboraci\u00f3n con Club Tenis &amp; Padel La Colina, en Torremolinos, organizamos distintos campus de tecnificaci\u00f3n de f\u00fatbol durante el [&hellip;]<\/p>","protected":false},"author":1,"featured_media":0,"parent":0,"menu_order":0,"comment_status":"closed","ping_status":"closed","template":"","meta":{"footnotes":""},"_links":{"self":[{"href":"https:\/\/malagaelitesports.com\/en\/wp-json\/wp\/v2\/pages\/632"}],"collection":[{"href":"https:\/\/malagaelitesports.com\/en\/wp-json\/wp\/v2\/pages"}],"about":[{"href":"https:\/\/malagaelitesports.com\/en\/wp-json\/wp\/v2\/types\/page"}],"author":[{"embeddable":true,"href":"https:\/\/malagaelitesports.com\/en\/wp-json\/wp\/v2\/users\/1"}],"replies":[{"embeddable":true,"href":"https:\/\/malagaelitesports.com\/en\/wp-json\/wp\/v2\/comments?post=632"}],"version-history":[{"count":10,"href":"https:\/\/malagaelitesports.com\/en\/wp-json\/wp\/v2\/pages\/632\/revisions"}],"predecessor-version":[{"id":1726,"href":"https:\/\/malagaelitesports.com\/en\/wp-json\/wp\/v2\/pages\/632\/revisions\/1726"}],"wp:attachment":[{"href":"https:\/\/malagaelitesports.com\/en\/wp-json\/wp\/v2\/media?parent=632"}],"curies":[{"name":"wp","href":"https:\/\/api.w.org\/{rel}","templated":true}]}}